{"id":2041,"date":"2020-11-16T09:29:43","date_gmt":"2020-11-16T08:29:43","guid":{"rendered":"https:\/\/www.rvr.ch\/agb\/"},"modified":"2022-03-02T09:37:37","modified_gmt":"2022-03-02T08:37:37","slug":"terms-and-conditions","status":"publish","type":"page","link":"https:\/\/rvr.ch\/en\/terms-and-conditions\/","title":{"rendered":"Terms and Conditions"},"content":{"rendered":"\n<section id=\"\" class=\"block-text block-blue block-bg-transparent  \">\n  <div class=\"uk-container uk-container-medium\">\n    <div uk-grid class=\"uk-flex uk-flex-middle\">\n      <div class=\"uk-column-1-1@s\">\n        <h1>General terms and conditions<\/h1>\n<p><strong>RVR Service AG<\/strong><\/p>\n<p>Kasernenstrasse 74<br \/>\n4410 Liestal<br \/>\nSwitzerland<\/p>\n<p>T: <a title=\"Call RVR Service AG\" href=\"tel:%20+41%20(0)61%20333%2004%2020\" target=\"_blank\" rel=\"noopener\">+41 (0)61 333 04 20<\/a><br \/>\nE: <a title=\"Mail To RVR Service AG\" href=\"mailto:%20info@rvr.ch\" target=\"_blank\" rel=\"noopener\">info@rvr.ch<\/a><br \/>\nUID-NR: CHE-102.384.284<br \/>\nCompany registration number: CH-280.3.004.067-7<\/p>\n<h2>RVR Service- und Lieferbedingungen<\/h2>\n<h3>A) Service-Abonnement Oeko Plus, Stoff-Waschraum und Schmutzmatten<\/h3>\n<ol>\n<li>Das Abonnement wird dreimonatlich im Voraus in Rechnung gestellt. Zahlbar 30 Tage netto. Andere Abrechnungszeitr\u00e4ume sind auf der vorderen Vertragsseite definiert. Mehrrollen werden mit der folgenden Rechnungsstellung abgerechnet. Allf\u00e4lliger Seifen-Mehrverbrauch wird halbj\u00e4hrlich abgerechnet.<\/li>\n<li>Die Handtuchrollen werden turnusgem\u00e4\u00df von der RVR Service AG geliefert und leihweise zur Verf\u00fcgung gestellt (Lieferung franko exkl. Treibstoffzuschlag).<\/li>\n<li>Der betriebsf\u00e4hige Unterhalt bei vermieteten Ger\u00e4ten \/ Spendern und Schmutzmatten ist Sache der RVR Service AG.<\/li>\n<li>Das Auswechseln der Rollen und Seifenflaschen am Ger\u00e4t \/ Spender werden durch den Kunden vorgenommen.<\/li>\n<li>Sofern eine Probezeit vereinbart wurde: Die ersten 3 Monate nach Erhalt der Spender oder Schmutzmatten gelten als Probezeit. In dieser Zeit werden die vertraglich festgelegten Ans\u00e4tze verrechnet. Wir das Abonnement nicht 10 Tage vor Ablauf der Probezeit schriftlich gek\u00fcndigt, so ist die vertragliche Abmachung gem\u00e4\u00df Ziffer B)1. fest abgeschlossen.<\/li>\n<li>Nur g\u00fcltig f\u00fcr Stoff-MIX-Combi-Abonnemente: Das Abonnement basiert auf einem Pauschalbetrag pro MitarbeiterIn und Monat. Die Anzahl MitarbeiterInnen bei Vertragsabschluss ist auf der Vertragsvorderseite ersichtlich und ergibt den monatlichen Pauschalbetrag. Bei einer Personalverringerung oder -Erh\u00f6hung wird die Pauschale auf die n\u00e4chste Verrechnungsperiode hin angeglichen.<\/li>\n<\/ol>\n<h3>B) Allgemeines<\/h3>\n<ol>\n<li>Das Abonnement tritt nach Lieferung oder Montage in Kraft und ist f\u00fcr 2 Jahre respektive gem\u00e4\u00df vorderseitiger Definition, fest abgeschlossen. Wenn es nicht mit Frist von 3 Monaten zum festgesetzten Vertragsende gek\u00fcndigt wird, verl\u00e4ngert sich das Abonnement um ein weiteres Jahr. Das eingeschriebene K\u00fcndigungsschreiben wird von der RVR Service AG innert Monatsfrist schriftlich best\u00e4tigt.<\/li>\n<li>Andere vom Kunden gew\u00fcnschte Dienstleistungen und Produkte, au\u00dferhalb des Service-Abonnementvertrages werden mit Lieferschein oder Arbeitsrapport definiert und separat verrechnet.<\/li>\n<li>Das Abonnement kann bei folgenden Umst\u00e4nden, au\u00dferhalb der vereinbarten Vertragsdauer, mit einer K\u00fcndigungsfrist von 3 Monaten, aufgehoben werden:<br \/>\na) geregelte Gesch\u00e4ftsaufgabe,<br \/>\nb) Totalschaden am Geb\u00e4ude und Einrichtungen durch Naturgewalt (z.B. Brand \/ Wasser)<br \/>\nBei vorzeitiger K\u00fcndigung au\u00dferhalb der vertraglichen Bedingungen oder einem Vertragsbruch kann die RVR Service AG unter Beachtung des Erstwahlrechts (OR97, 98, 99) auf die Erf\u00fcllung des Service-Vertrags oder den zweifachen Jahresumsatz der vergangenen Vorjahre, exklusive Installationskosten, als pauschalen Ersatz f\u00fcr die vorzeitige, erzwungene Vertragsaufl\u00f6sung dem Kunden in Rechnung stellen.<\/li>\n<li>Der Abonnent verpflichtet sich, w\u00e4hrend der Abonnementsdauer die im Anschluss aufgef\u00fchrten von der RVR Service AG zur Verf\u00fcgung gestellten und erworbenen Ger\u00e4te und Verbrauchsmaterialien (inkl. f\u00fcr Ger\u00e4te Eigentum Kunde) im vereinbarten Einsatzbereich zu verwenden und mit den Produkten im gegenseitigen Interesse schonend umzugehen. Namentlich: RVR-Stoffhandtuchrollen, Stoffhandtuchspender, Duftspender mit RVR Duftpatronen, Seifenspender inkl. Seifen (fl\u00fcssig oder Schaum), Reinigungsmatten im Austausch etc. Bei fahrl\u00e4ssiger Besch\u00e4digung der Mietobjekte haftet der Kunde. Die RVR Service AG beh\u00e4lt sich vor, Ersatzwerte gem\u00e4\u00df Preisliste in Rechnung zu stellen.<\/li>\n<li>Die RVR Service AG ist berechtigt, die Ausf\u00fchrung eines Abonnements mit allen Rechten und Pflichten an einen Dritten zu \u00fcbertragen.<\/li>\n<li>M\u00fcndliche Preis- und Vertragsdauerabsprachen sind ung\u00fcltig. Spezialkonditionen haben nur entsprechend schriftlicher Vereinbarung innerhalb des Abonnements oder Vertragsanhang G\u00fcltigkeit.<\/li>\n<li>Wo nicht anders vermerkt, sind die Preise exkl. MwSt. berechnet.<\/li>\n<li>Gerichtsstand: Liestal, Kanton Basel-Landschaft.<\/li>\n<\/ol>\n<p>&nbsp;<\/p>\n      <\/div>\n    <\/div>\n  <\/div>\n<\/section>\n","protected":false},"excerpt":{"rendered":"","protected":false},"author":1,"featured_media":0,"parent":0,"menu_order":0,"comment_status":"closed","ping_status":"closed","template":"","meta":{"footnotes":""},"class_list":["post-2041","page","type-page","status-publish","hentry"],"acf":[],"_links":{"self":[{"href":"https:\/\/rvr.ch\/en\/wp-json\/wp\/v2\/pages\/2041","targetHints":{"allow":["GET"]}}],"collection":[{"href":"https:\/\/rvr.ch\/en\/wp-json\/wp\/v2\/pages"}],"about":[{"href":"https:\/\/rvr.ch\/en\/wp-json\/wp\/v2\/types\/page"}],"author":[{"embeddable":true,"href":"https:\/\/rvr.ch\/en\/wp-json\/wp\/v2\/users\/1"}],"replies":[{"embeddable":true,"href":"https:\/\/rvr.ch\/en\/wp-json\/wp\/v2\/comments?post=2041"}],"version-history":[{"count":3,"href":"https:\/\/rvr.ch\/en\/wp-json\/wp\/v2\/pages\/2041\/revisions"}],"predecessor-version":[{"id":3861,"href":"https:\/\/rvr.ch\/en\/wp-json\/wp\/v2\/pages\/2041\/revisions\/3861"}],"wp:attachment":[{"href":"https:\/\/rvr.ch\/en\/wp-json\/wp\/v2\/media?parent=2041"}],"curies":[{"name":"wp","href":"https:\/\/api.w.org\/{rel}","templated":true}]}}