{"id":2013,"date":"2020-11-16T09:29:24","date_gmt":"2020-11-16T08:29:24","guid":{"rendered":"https:\/\/www.rvr.ch\/impressum\/"},"modified":"2022-03-02T09:37:16","modified_gmt":"2022-03-02T08:37:16","slug":"imprint","status":"publish","type":"page","link":"https:\/\/rvr.ch\/en\/imprint\/","title":{"rendered":"Imprint"},"content":{"rendered":"\n<section id=\"\" class=\"block-text block-blue block-bg-transparent  \">\n  <div class=\"uk-container uk-container-medium\">\n    <div uk-grid class=\"uk-flex uk-flex-middle\">\n      <div class=\"uk-column-1-1@s\">\n        <h1>Impressum<\/h1>\n<h3><strong>Verantwortlich f\u00fcr den Inhalt auf dieser Webseite:<\/strong><\/h3>\n<p><strong>RVR Service AG<\/strong><\/p>\n<p>Kasernenstrasse 74<br \/>\n4410 Liestal<br \/>\nSchweiz<\/p>\n<p>T: <a title=\"RVR Service AG anrufen\" href=\"tel: +41 (0)61 333 04 20\" target=\"_blank\" rel=\"noopener\">+41 (0)61 333 04 20<\/a><br \/>\nE: <a title=\"RVR Service AG Email\" href=\"mailto:%20info@rvr.ch\" target=\"_blank\" rel=\"noopener\">info@rvr.ch<\/a><br \/>\nUID-NR: CHE-102.384.284<br \/>\nHandelsregister-Nummer: CH-280.3.004.067-7<\/p>\n<h3>Konzept, Design &amp; Umsetzung:<\/h3>\n<p><a href=\"https:\/\/www.zweimann.at\/\">zweimann Digitalagentur<\/a><br \/>\nAlemannenstra\u00dfe 49 . 6830 Rankweil<br \/>\nVorarlberg . \u00d6sterreich<\/p>\n<h3>Haftungsausschluss<\/h3>\n<p>Im Hinblick auf die technischen Eigenschaften des Internet kann keine Gew\u00e4hr f\u00fcr die Authentizit\u00e4t, Richtigkeit und Vollst\u00e4ndigkeit der im Internet zur Verf\u00fcgung gestellten Informationen \u00fcbernommen werden. Es wird auch keine Gew\u00e4hr f\u00fcr die Verf\u00fcgbarkeit oder den Betrieb der gegenst\u00e4ndlichen Webseite und ihrer Inhalte \u00fcbernommen. Jede Haftung f\u00fcr unmittelbare, mittelbare oder sonstige Sch\u00e4den, unabh\u00e4ngig von deren Ursachen, die aus der Benutzung oder Nichtverf\u00fcgbarkeit der Daten und Informationen dieser Webseite erwachsen, wird, soweit rechtlich zul\u00e4ssig, ausgeschlossen.<\/p>\n<h3>Urheberrecht und Leistungsschutzrecht<\/h3>\n<p>Der Inhalt dieser Webseite ist urheberrechtlich gesch\u00fctzt. Die Informationen sind nur f\u00fcr die pers\u00f6nliche Verwendung bestimmt. Jede weitergehende Nutzung insbesondere die Speicherung in Datenbanken, Vervielf\u00e4ltigung und jede Form von gewerblicher Nutzung sowie die Weitergabe an Dritte \u2013 auch in Teilen oder in \u00fcberarbeiteter Form \u2013 ohne Zustimmung der jeweiligen Organisation ist untersagt. Das unerlaubte Kopieren und Speichern der bereitgestellten Informationen auf diesen Webseiten ist ausdr\u00fccklich untersagt und strafbar. Jede Einbindung einzelner Seiten unseres Angebotes in fremde Frames ist zu unterlassen. Soweit im Content personenbezogene Bezeichnungen nur in m\u00e4nnlicher Form angef\u00fchrt sind, beziehen sie sich auf Frauen und M\u00e4nner in gleicher Weise.<\/p>\n<h3>Externe Links<\/h3>\n<p>Die Webseite enth\u00e4lt externe Links zu anderen Webseiten, auf deren Inhalt der Anbieter der Webseite keinen Einfluss hat. Aus diesem Grund kann der Anbieter f\u00fcr diese Inhalte auch keine Gew\u00e4hr \u00fcbernehmen. F\u00fcr die Inhalte und Richtigkeit der bereitgestellten Informationen ist der jeweilige Anbieter der verlinkten Webseite verantwortlich. Zum Zeitpunkt der Verlinkung waren keine Rechtsverst\u00f6\u00dfe erkennbar. Bei Bekanntwerden einer solchen Rechtsverletzung wird der Link umgehend entfernen.<\/p>\n<h3>Content und Rechte<\/h3>\n<p>Alle Inhalte, die auf dieser Webseite ver\u00f6ffentlicht werden, sind urheberrechtlich lizensiert. Das unerlaubte Kopieren und Speichern der bereitgestellten Informationen ist ausdr\u00fccklich untersagt und strafbar.<\/p>\n<h3>Fotos<\/h3>\n<p>Unsplash.com<br \/>\nRVR Service AG<\/p>\n      <\/div>\n    <\/div>\n  <\/div>\n<\/section>\n","protected":false},"excerpt":{"rendered":"","protected":false},"author":1,"featured_media":0,"parent":0,"menu_order":0,"comment_status":"closed","ping_status":"closed","template":"","meta":{"footnotes":""},"class_list":["post-2013","page","type-page","status-publish","hentry"],"acf":[],"_links":{"self":[{"href":"https:\/\/rvr.ch\/en\/wp-json\/wp\/v2\/pages\/2013","targetHints":{"allow":["GET"]}}],"collection":[{"href":"https:\/\/rvr.ch\/en\/wp-json\/wp\/v2\/pages"}],"about":[{"href":"https:\/\/rvr.ch\/en\/wp-json\/wp\/v2\/types\/page"}],"author":[{"embeddable":true,"href":"https:\/\/rvr.ch\/en\/wp-json\/wp\/v2\/users\/1"}],"replies":[{"embeddable":true,"href":"https:\/\/rvr.ch\/en\/wp-json\/wp\/v2\/comments?post=2013"}],"version-history":[{"count":2,"href":"https:\/\/rvr.ch\/en\/wp-json\/wp\/v2\/pages\/2013\/revisions"}],"predecessor-version":[{"id":3858,"href":"https:\/\/rvr.ch\/en\/wp-json\/wp\/v2\/pages\/2013\/revisions\/3858"}],"wp:attachment":[{"href":"https:\/\/rvr.ch\/en\/wp-json\/wp\/v2\/media?parent=2013"}],"curies":[{"name":"wp","href":"https:\/\/api.w.org\/{rel}","templated":true}]}}